{"id":6773,"date":"2020-08-06T19:18:43","date_gmt":"2020-08-06T17:18:43","guid":{"rendered":"http:\/\/ekom.ba\/new\/?post_type=product&#038;p=6773"},"modified":"2020-09-21T20:34:12","modified_gmt":"2020-09-21T18:34:12","slug":"rucka-96-mm-e1","status":"publish","type":"product","link":"http:\/\/ekom.ba\/en\/proizvod\/rucka-96-mm-e1\/","title":{"rendered":"Handle 96 mm-e1"},"content":{"rendered":"","protected":false},"excerpt":{"rendered":"<p><strong>Material:<\/strong> Plastic-ABS<br \/>\n<strong>Packing:<\/strong> 50\/1; 100\/1; 200\/1<\/p>\n<p><strong>Available colors:<\/strong><br \/>\n&#8211; chrome plush-KP,<br \/>\n&#8211; chrome metallic-KML,<br \/>\n&#8211; chrome metallic 361-KM361L,<br \/>\n&#8211; beech1,<br \/>\n&#8211; cherry103bj,<br \/>\n&#8211; cherry383les,<br \/>\n&#8211; oak145bj,<br \/>\n&#8211; White,<br \/>\n&#8211; black,<br \/>\n&#8211; KM \/ beech1,<br \/>\n&#8211; KM \/ cherry103bj,<br \/>\n&#8211; KM \/ cherry383les,<br \/>\n&#8211; KM \/ oak145bj,<br \/>\n&#8211; KM \/ white,<br \/>\n&#8211; KM \/ black,<br \/>\n&#8211; KM \/ light blue21747,<br \/>\n&#8211; KM \/ pink77099,<br \/>\n&#8211; KM \/ red76961,<br \/>\n&#8211; at the customer&#8217;s choice<\/p>\n","protected":false},"featured_media":6774,"template":"","meta":[],"product_cat":[161,165],"product_tag":[],"yoast_head":"<!-- This site is optimized with the Yoast SEO plugin v21.3 - https:\/\/yoast.com\/wordpress\/plugins\/seo\/ -->\n<title>Handle 96 mm-e1 - Ekom d.o.o.<\/title>\n<meta name=\"robots\" content=\"index, follow, max-snippet:-1, max-image-preview:large, max-video-preview:-1\" \/>\n<link rel=\"canonical\" href=\"https:\/\/ekom.ba\/proizvod\/rucka-96-mm-e1\/\" \/>\n<meta property=\"og:locale\" content=\"en_US\" \/>\n<meta property=\"og:type\" content=\"article\" \/>\n<meta property=\"og:title\" content=\"[:ba]Ru\u010dka 96 mm-e1[:en]Handle 96 mm-e1[:] - Ekom d.o.o.\" \/>\n<meta property=\"og:description\" content=\"[:ba]Materijal: Plastika-ABS Pakovanje:\u00a050\/1; 100\/1; 200\/1  Dostupne boje: - krom pli\u0161-KP, - krom metalik-KML, - krom metalik361-KM361L, - bukva1, - tre\u0161nja103bj, - tre\u0161nja383les, - hrast145bj, - bijela, - crna, - KM\/bukva1, - KM\/tre\u0161nja103bj, - KM\/tre\u0161nja383les, - KM\/hrast145bj, - KM\/bijela, - KM\/crna, - KM\/s.plava21747, - KM\/pink77099, - KM\/crvena76961, - po izboru kupca[:en]Material: Plastic-ABS Packing: 50\/1; 100\/1; 200\/1  Available colors: - chrome plush-KP, - chrome metallic-KML, - chrome metallic 361-KM361L, - beech1, - cherry103bj, - cherry383les, - oak145bj, - White, - black, - KM \/ beech1, - KM \/ cherry103bj, - KM \/ cherry383les, - KM \/ oak145bj, - KM \/ white, - KM \/ black, - KM \/ light blue21747, - KM \/ pink77099, - KM \/ red76961, - at the customer&#039;s choice [:]\" \/>\n<meta property=\"og:url\" content=\"https:\/\/ekom.ba\/proizvod\/rucka-96-mm-e1\/\" \/>\n<meta property=\"og:site_name\" content=\"Ekom d.o.o.\" \/>\n<meta property=\"article:modified_time\" content=\"2020-09-21T18:34:12+00:00\" \/>\n<meta property=\"og:image\" content=\"https:\/\/ekom.ba\/wp-content\/uploads\/2020\/08\/24.jpg\" \/>\n\t<meta property=\"og:image:width\" content=\"1600\" \/>\n\t<meta property=\"og:image:height\" content=\"1600\" \/>\n\t<meta property=\"og:image:type\" content=\"image\/jpeg\" \/>\n<meta name=\"twitter:card\" content=\"summary_large_image\" \/>\n<script type=\"application\/ld+json\" class=\"yoast-schema-graph\">{\"@context\":\"https:\/\/schema.org\",\"@graph\":[{\"@type\":\"WebPage\",\"@id\":\"https:\/\/ekom.ba\/proizvod\/rucka-96-mm-e1\/\",\"url\":\"https:\/\/ekom.ba\/proizvod\/rucka-96-mm-e1\/\",\"name\":\"[:ba]Ru\u010dka 96 mm-e1[:en]Handle 96 mm-e1[:] - Ekom d.o.o.\",\"isPartOf\":{\"@id\":\"http:\/\/ekom.ba\/#website\"},\"datePublished\":\"2020-08-06T17:18:43+00:00\",\"dateModified\":\"2020-09-21T18:34:12+00:00\",\"breadcrumb\":{\"@id\":\"https:\/\/ekom.ba\/proizvod\/rucka-96-mm-e1\/#breadcrumb\"},\"inLanguage\":\"en-US\",\"potentialAction\":[{\"@type\":\"ReadAction\",\"target\":[\"https:\/\/ekom.ba\/proizvod\/rucka-96-mm-e1\/\"]}]},{\"@type\":\"BreadcrumbList\",\"@id\":\"https:\/\/ekom.ba\/proizvod\/rucka-96-mm-e1\/#breadcrumb\",\"itemListElement\":[{\"@type\":\"ListItem\",\"position\":1,\"name\":\"Home\",\"item\":\"http:\/\/ekom.ba\/\"},{\"@type\":\"ListItem\",\"position\":2,\"name\":\"Proizvodi\",\"item\":\"https:\/\/ekom.ba\/shop\/\"},{\"@type\":\"ListItem\",\"position\":3,\"name\":\"Ru\u010dka 96 mm-e1\"}]},{\"@type\":\"WebSite\",\"@id\":\"http:\/\/ekom.ba\/#website\",\"url\":\"http:\/\/ekom.ba\/\",\"name\":\"Ekom d.o.o.\",\"description\":\"Efikasno, kvalitetno, odgovorno i moderno\",\"potentialAction\":[{\"@type\":\"SearchAction\",\"target\":{\"@type\":\"EntryPoint\",\"urlTemplate\":\"http:\/\/ekom.ba\/?s={search_term_string}\"},\"query-input\":\"required name=search_term_string\"}],\"inLanguage\":\"en-US\"}]}<\/script>\n<!-- \/ Yoast SEO plugin. -->","yoast_head_json":{"title":"[:ba]Ru\u010dka 96 mm-e1[:en]Handle 96 mm-e1[:] - Ekom d.o.o.","robots":{"index":"index","follow":"follow","max-snippet":"max-snippet:-1","max-image-preview":"max-image-preview:large","max-video-preview":"max-video-preview:-1"},"canonical":"https:\/\/ekom.ba\/proizvod\/rucka-96-mm-e1\/","og_locale":"en_US","og_type":"article","og_title":"[:ba]Ru\u010dka 96 mm-e1[:en]Handle 96 mm-e1[:] - Ekom d.o.o.","og_description":"[:ba]Materijal: Plastika-ABS Pakovanje:\u00a050\/1; 100\/1; 200\/1  Dostupne boje: - krom pli\u0161-KP, - krom metalik-KML, - krom metalik361-KM361L, - bukva1, - tre\u0161nja103bj, - tre\u0161nja383les, - hrast145bj, - bijela, - crna, - KM\/bukva1, - KM\/tre\u0161nja103bj, - KM\/tre\u0161nja383les, - KM\/hrast145bj, - KM\/bijela, - KM\/crna, - KM\/s.plava21747, - KM\/pink77099, - KM\/crvena76961, - po izboru kupca[:en]Material: Plastic-ABS Packing: 50\/1; 100\/1; 200\/1  Available colors: - chrome plush-KP, - chrome metallic-KML, - chrome metallic 361-KM361L, - beech1, - cherry103bj, - cherry383les, - oak145bj, - White, - black, - KM \/ beech1, - KM \/ cherry103bj, - KM \/ cherry383les, - KM \/ oak145bj, - KM \/ white, - KM \/ black, - KM \/ light blue21747, - KM \/ pink77099, - KM \/ red76961, - at the customer's choice [:]","og_url":"https:\/\/ekom.ba\/proizvod\/rucka-96-mm-e1\/","og_site_name":"Ekom d.o.o.","article_modified_time":"2020-09-21T18:34:12+00:00","og_image":[{"width":1600,"height":1600,"url":"https:\/\/ekom.ba\/wp-content\/uploads\/2020\/08\/24.jpg","type":"image\/jpeg"}],"twitter_card":"summary_large_image","schema":{"@context":"https:\/\/schema.org","@graph":[{"@type":"WebPage","@id":"https:\/\/ekom.ba\/proizvod\/rucka-96-mm-e1\/","url":"https:\/\/ekom.ba\/proizvod\/rucka-96-mm-e1\/","name":"[:ba]Ru\u010dka 96 mm-e1[:en]Handle 96 mm-e1[:] - Ekom d.o.o.","isPartOf":{"@id":"http:\/\/ekom.ba\/#website"},"datePublished":"2020-08-06T17:18:43+00:00","dateModified":"2020-09-21T18:34:12+00:00","breadcrumb":{"@id":"https:\/\/ekom.ba\/proizvod\/rucka-96-mm-e1\/#breadcrumb"},"inLanguage":"en-US","potentialAction":[{"@type":"ReadAction","target":["https:\/\/ekom.ba\/proizvod\/rucka-96-mm-e1\/"]}]},{"@type":"BreadcrumbList","@id":"https:\/\/ekom.ba\/proizvod\/rucka-96-mm-e1\/#breadcrumb","itemListElement":[{"@type":"ListItem","position":1,"name":"Home","item":"http:\/\/ekom.ba\/"},{"@type":"ListItem","position":2,"name":"Proizvodi","item":"https:\/\/ekom.ba\/shop\/"},{"@type":"ListItem","position":3,"name":"Ru\u010dka 96 mm-e1"}]},{"@type":"WebSite","@id":"http:\/\/ekom.ba\/#website","url":"http:\/\/ekom.ba\/","name":"Ekom d.o.o.","description":"Efikasno, kvalitetno, odgovorno i moderno","potentialAction":[{"@type":"SearchAction","target":{"@type":"EntryPoint","urlTemplate":"http:\/\/ekom.ba\/?s={search_term_string}"},"query-input":"required name=search_term_string"}],"inLanguage":"en-US"}]}},"_links":{"self":[{"href":"http:\/\/ekom.ba\/en\/wp-json\/wp\/v2\/product\/6773"}],"collection":[{"href":"http:\/\/ekom.ba\/en\/wp-json\/wp\/v2\/product"}],"about":[{"href":"http:\/\/ekom.ba\/en\/wp-json\/wp\/v2\/types\/product"}],"wp:featuredmedia":[{"embeddable":true,"href":"http:\/\/ekom.ba\/en\/wp-json\/wp\/v2\/media\/6774"}],"wp:attachment":[{"href":"http:\/\/ekom.ba\/en\/wp-json\/wp\/v2\/media?parent=6773"}],"wp:term":[{"taxonomy":"product_cat","embeddable":true,"href":"http:\/\/ekom.ba\/en\/wp-json\/wp\/v2\/product_cat?post=6773"},{"taxonomy":"product_tag","embeddable":true,"href":"http:\/\/ekom.ba\/en\/wp-json\/wp\/v2\/product_tag?post=6773"}],"curies":[{"name":"wp","href":"https:\/\/api.w.org\/{rel}","templated":true}]}}