{"id":6711,"date":"2020-08-06T18:37:13","date_gmt":"2020-08-06T16:37:13","guid":{"rendered":"http:\/\/ekom.ba\/new\/?post_type=product&#038;p=6711"},"modified":"2020-09-21T21:15:05","modified_gmt":"2020-09-21T19:15:05","slug":"nosac-oklagije","status":"publish","type":"product","link":"http:\/\/ekom.ba\/en\/proizvod\/nosac-oklagije\/","title":{"rendered":"Wardrobe holder with brackets"},"content":{"rendered":"","protected":false},"excerpt":{"rendered":"<p>&#8211; Brackets wardrobe holder  d18 and d15<br \/>\n&#8211; Wardrobe holder fi 18 \u00d7 1 mm and 15 \u00d7 30\/1 mm<\/p>\n<p><strong>Material:<\/strong> plastic-ABS, metal<\/p>\n<p><strong>Packing:<\/strong><br \/>\n&#8211; Brackets for wardrobe holder: 100\/1; 1000\/1<br \/>\n&#8211; Wardrobe holder: 10\/1<\/p>\n<p><strong>Available colors for rolls:<\/strong><br \/>\n&#8211; Chrome metallic-KM361L,<br \/>\n&#8211; White,<br \/>\n&#8211; Brown<\/p>\n<p><strong>Available carrier colors:<\/strong><br \/>\n&#8211; Chrome metallic-KM361L,<br \/>\n&#8211; White,<br \/>\n&#8211; Beech381,<br \/>\n&#8211; Cherry383,<br \/>\n&#8211; Oak145,<br \/>\n&#8211; Brown<\/p>\n<p><strong>Available lengths:<\/strong><br \/>\n&#8211; 3000 mm,<br \/>\n&#8211; at the customer&#8217;s choice<\/p>\n","protected":false},"featured_media":6713,"template":"","meta":[],"product_cat":[164,161],"product_tag":[],"yoast_head":"<!-- This site is optimized with the Yoast SEO plugin v21.3 - https:\/\/yoast.com\/wordpress\/plugins\/seo\/ -->\n<title>Wardrobe holder with brackets - Ekom d.o.o.<\/title>\n<meta name=\"robots\" content=\"index, follow, max-snippet:-1, max-image-preview:large, max-video-preview:-1\" \/>\n<link rel=\"canonical\" href=\"http:\/\/ekom.ba\/proizvod\/nosac-oklagije\/\" \/>\n<meta property=\"og:locale\" content=\"en_US\" \/>\n<meta property=\"og:type\" content=\"article\" \/>\n<meta property=\"og:title\" content=\"[:ba]Nosa\u010d oklagije[:en]Wardrobe holder with brackets[:] - Ekom d.o.o.\" \/>\n<meta property=\"og:description\" content=\"[:ba]- Nosa\u010di oklagije d18 i d15 - Oklagije za ormare fi 18x1 mm i 15x30\/1 mm  Materijal:\u00a0plastika-ABS, metal  Pakovanje: - Nosa\u010d oklagije: 100\/1; 1000\/1 - Oklagije za ormar: 10\/1  Dostupne boje za oklagije: - Krom metalik-KM361L, - Bijela, - Braon  Dostupne boje za nosa\u010de: - Krom metalik-KM361L, - Bijela, - Bukva381, - Tre\u0161nja383, - Hrast145, - Braon  Dostupne du\u017eine: - 3000 mm, - po izboru kupca[:en]- Brackets wardrobe holder d18 and d15 - Wardrobe holder fi 18 \u00d7 1 mm and 15 \u00d7 30\/1 mm  Material: plastic-ABS, metal  Packing: - Brackets for wardrobe holder: 100\/1; 1000\/1 - Wardrobe holder: 10\/1  Available colors for rolls: - Chrome metallic-KM361L, - White, - Brown  Available carrier colors: - Chrome metallic-KM361L, - White, - Beech381, - Cherry383, - Oak145, - Brown  Available lengths: - 3000 mm, - at the customer&#039;s choice [:]\" \/>\n<meta property=\"og:url\" content=\"http:\/\/ekom.ba\/proizvod\/nosac-oklagije\/\" \/>\n<meta property=\"og:site_name\" content=\"Ekom d.o.o.\" \/>\n<meta property=\"article:modified_time\" content=\"2020-09-21T19:15:05+00:00\" \/>\n<meta property=\"og:image\" content=\"http:\/\/ekom.ba\/wp-content\/uploads\/2020\/08\/130.jpg\" \/>\n\t<meta property=\"og:image:width\" content=\"1600\" \/>\n\t<meta property=\"og:image:height\" content=\"1600\" \/>\n\t<meta property=\"og:image:type\" content=\"image\/jpeg\" \/>\n<meta name=\"twitter:card\" content=\"summary_large_image\" \/>\n<script type=\"application\/ld+json\" class=\"yoast-schema-graph\">{\"@context\":\"https:\/\/schema.org\",\"@graph\":[{\"@type\":\"WebPage\",\"@id\":\"http:\/\/ekom.ba\/proizvod\/nosac-oklagije\/\",\"url\":\"http:\/\/ekom.ba\/proizvod\/nosac-oklagije\/\",\"name\":\"[:ba]Nosa\u010d oklagije[:en]Wardrobe holder with brackets[:] - Ekom d.o.o.\",\"isPartOf\":{\"@id\":\"http:\/\/ekom.ba\/#website\"},\"datePublished\":\"2020-08-06T16:37:13+00:00\",\"dateModified\":\"2020-09-21T19:15:05+00:00\",\"breadcrumb\":{\"@id\":\"http:\/\/ekom.ba\/proizvod\/nosac-oklagije\/#breadcrumb\"},\"inLanguage\":\"en-US\",\"potentialAction\":[{\"@type\":\"ReadAction\",\"target\":[\"http:\/\/ekom.ba\/proizvod\/nosac-oklagije\/\"]}]},{\"@type\":\"BreadcrumbList\",\"@id\":\"http:\/\/ekom.ba\/proizvod\/nosac-oklagije\/#breadcrumb\",\"itemListElement\":[{\"@type\":\"ListItem\",\"position\":1,\"name\":\"Home\",\"item\":\"http:\/\/ekom.ba\/\"},{\"@type\":\"ListItem\",\"position\":2,\"name\":\"Proizvodi\",\"item\":\"https:\/\/ekom.ba\/shop\/\"},{\"@type\":\"ListItem\",\"position\":3,\"name\":\"Nosa\u010d oklagije\"}]},{\"@type\":\"WebSite\",\"@id\":\"http:\/\/ekom.ba\/#website\",\"url\":\"http:\/\/ekom.ba\/\",\"name\":\"Ekom d.o.o.\",\"description\":\"Efikasno, kvalitetno, odgovorno i moderno\",\"potentialAction\":[{\"@type\":\"SearchAction\",\"target\":{\"@type\":\"EntryPoint\",\"urlTemplate\":\"http:\/\/ekom.ba\/?s={search_term_string}\"},\"query-input\":\"required name=search_term_string\"}],\"inLanguage\":\"en-US\"}]}<\/script>\n<!-- \/ Yoast SEO plugin. -->","yoast_head_json":{"title":"[:ba]Nosa\u010d oklagije[:en]Wardrobe holder with brackets[:] - Ekom d.o.o.","robots":{"index":"index","follow":"follow","max-snippet":"max-snippet:-1","max-image-preview":"max-image-preview:large","max-video-preview":"max-video-preview:-1"},"canonical":"http:\/\/ekom.ba\/proizvod\/nosac-oklagije\/","og_locale":"en_US","og_type":"article","og_title":"[:ba]Nosa\u010d oklagije[:en]Wardrobe holder with brackets[:] - Ekom d.o.o.","og_description":"[:ba]- Nosa\u010di oklagije d18 i d15 - Oklagije za ormare fi 18x1 mm i 15x30\/1 mm  Materijal:\u00a0plastika-ABS, metal  Pakovanje: - Nosa\u010d oklagije: 100\/1; 1000\/1 - Oklagije za ormar: 10\/1  Dostupne boje za oklagije: - Krom metalik-KM361L, - Bijela, - Braon  Dostupne boje za nosa\u010de: - Krom metalik-KM361L, - Bijela, - Bukva381, - Tre\u0161nja383, - Hrast145, - Braon  Dostupne du\u017eine: - 3000 mm, - po izboru kupca[:en]- Brackets wardrobe holder d18 and d15 - Wardrobe holder fi 18 \u00d7 1 mm and 15 \u00d7 30\/1 mm  Material: plastic-ABS, metal  Packing: - Brackets for wardrobe holder: 100\/1; 1000\/1 - Wardrobe holder: 10\/1  Available colors for rolls: - Chrome metallic-KM361L, - White, - Brown  Available carrier colors: - Chrome metallic-KM361L, - White, - Beech381, - Cherry383, - Oak145, - Brown  Available lengths: - 3000 mm, - at the customer's choice [:]","og_url":"http:\/\/ekom.ba\/proizvod\/nosac-oklagije\/","og_site_name":"Ekom d.o.o.","article_modified_time":"2020-09-21T19:15:05+00:00","og_image":[{"width":1600,"height":1600,"url":"http:\/\/ekom.ba\/wp-content\/uploads\/2020\/08\/130.jpg","type":"image\/jpeg"}],"twitter_card":"summary_large_image","schema":{"@context":"https:\/\/schema.org","@graph":[{"@type":"WebPage","@id":"http:\/\/ekom.ba\/proizvod\/nosac-oklagije\/","url":"http:\/\/ekom.ba\/proizvod\/nosac-oklagije\/","name":"[:ba]Nosa\u010d oklagije[:en]Wardrobe holder with brackets[:] - Ekom d.o.o.","isPartOf":{"@id":"http:\/\/ekom.ba\/#website"},"datePublished":"2020-08-06T16:37:13+00:00","dateModified":"2020-09-21T19:15:05+00:00","breadcrumb":{"@id":"http:\/\/ekom.ba\/proizvod\/nosac-oklagije\/#breadcrumb"},"inLanguage":"en-US","potentialAction":[{"@type":"ReadAction","target":["http:\/\/ekom.ba\/proizvod\/nosac-oklagije\/"]}]},{"@type":"BreadcrumbList","@id":"http:\/\/ekom.ba\/proizvod\/nosac-oklagije\/#breadcrumb","itemListElement":[{"@type":"ListItem","position":1,"name":"Home","item":"http:\/\/ekom.ba\/"},{"@type":"ListItem","position":2,"name":"Proizvodi","item":"https:\/\/ekom.ba\/shop\/"},{"@type":"ListItem","position":3,"name":"Nosa\u010d oklagije"}]},{"@type":"WebSite","@id":"http:\/\/ekom.ba\/#website","url":"http:\/\/ekom.ba\/","name":"Ekom d.o.o.","description":"Efikasno, kvalitetno, odgovorno i moderno","potentialAction":[{"@type":"SearchAction","target":{"@type":"EntryPoint","urlTemplate":"http:\/\/ekom.ba\/?s={search_term_string}"},"query-input":"required name=search_term_string"}],"inLanguage":"en-US"}]}},"_links":{"self":[{"href":"http:\/\/ekom.ba\/en\/wp-json\/wp\/v2\/product\/6711"}],"collection":[{"href":"http:\/\/ekom.ba\/en\/wp-json\/wp\/v2\/product"}],"about":[{"href":"http:\/\/ekom.ba\/en\/wp-json\/wp\/v2\/types\/product"}],"wp:featuredmedia":[{"embeddable":true,"href":"http:\/\/ekom.ba\/en\/wp-json\/wp\/v2\/media\/6713"}],"wp:attachment":[{"href":"http:\/\/ekom.ba\/en\/wp-json\/wp\/v2\/media?parent=6711"}],"wp:term":[{"taxonomy":"product_cat","embeddable":true,"href":"http:\/\/ekom.ba\/en\/wp-json\/wp\/v2\/product_cat?post=6711"},{"taxonomy":"product_tag","embeddable":true,"href":"http:\/\/ekom.ba\/en\/wp-json\/wp\/v2\/product_tag?post=6711"}],"curies":[{"name":"wp","href":"https:\/\/api.w.org\/{rel}","templated":true}]}}