{"id":6699,"date":"2020-08-06T18:02:23","date_gmt":"2020-08-06T16:02:23","guid":{"rendered":"http:\/\/ekom.ba\/new\/?post_type=product&#038;p=6699"},"modified":"2020-09-21T21:35:20","modified_gmt":"2020-09-21T19:35:20","slug":"stelujuce-nozice-kv","status":"publish","type":"product","link":"http:\/\/ekom.ba\/en\/proizvod\/stelujuce-nozice-kv\/","title":{"rendered":"Adjustable leg KV"},"content":{"rendered":"","protected":false},"excerpt":{"rendered":"<p>Adjustable leg KV40 \/ h50,<br \/>\nAdjustable leg KV40 \/ h100,<br \/>\nAdjustable leg KV40 \/ h150,<br \/>\nAdjustable leg KV40 \/ h200<\/p>\n<p><strong>Material<\/strong>: Plastic-ABS<br \/>\n<strong>Packing<\/strong>: 50\/1; 100\/1<\/p>\n<p><strong>Available colors:<\/strong><\/p>\n<p>&#8211; Chrome metallic-KM,<br \/>\n&#8211; Chrome metallic361-KM361,<br \/>\n&#8211; Chrome plush-KP,<br \/>\n&#8211; White,<br \/>\n&#8211; Black,<br \/>\n&#8211; Beech381,<br \/>\n&#8211; Cherry383,<br \/>\n&#8211; Oak145,<br \/>\n&#8211; Wenge,<br \/>\n&#8211; at the customer&#8217;s choice<\/p>\n","protected":false},"featured_media":6700,"template":"","meta":[],"product_cat":[163,161],"product_tag":[],"yoast_head":"<!-- This site is optimized with the Yoast SEO plugin v21.3 - https:\/\/yoast.com\/wordpress\/plugins\/seo\/ -->\n<title>Adjustable leg KV - Ekom d.o.o.<\/title>\n<meta name=\"robots\" content=\"index, follow, max-snippet:-1, max-image-preview:large, max-video-preview:-1\" \/>\n<link rel=\"canonical\" href=\"https:\/\/ekom.ba\/proizvod\/stelujuce-nozice-kv\/\" \/>\n<meta property=\"og:locale\" content=\"en_US\" \/>\n<meta property=\"og:type\" content=\"article\" \/>\n<meta property=\"og:title\" content=\"[:ba]\u0160teluju\u0107e no\u017eice KV[:en]Adjustable leg KV[:] - Ekom d.o.o.\" \/>\n<meta property=\"og:description\" content=\"[:ba]\u0160teluju\u0107a no\u017eica KV40\/h50, \u0160teluju\u0107a no\u017eica KV40\/h100, \u0160teluju\u0107a no\u017eica KV40\/h150, \u0160teluju\u0107a no\u017eica KV40\/h200\u00a0  Materijal:\u00a0Plastika-ABS  Materijal: Plastika-ABS Pakovanje: 50\/1; 100\/1  Dostupne boje:  - Krom metalik-KM, - Krom metalik361-KM361, - Krom pli\u0161-KP, - Bijela, - Crna, - Bukva381, - Tre\u0161nja383, - Hrast145, - Wenge, - po izboru kupca[:en]Adjustable leg KV40 \/ h50, Adjustable leg KV40 \/ h100, Adjustable leg KV40 \/ h150, Adjustable leg KV40 \/ h200  Material: Plastic-ABS Packing: 50\/1; 100\/1  Available colors:  - Chrome metallic-KM, - Chrome metallic361-KM361, - Chrome plush-KP, - White, - Black, - Beech381, - Cherry383, - Oak145, - Wenge, - at the customer&#039;s choice[:]\" \/>\n<meta property=\"og:url\" content=\"https:\/\/ekom.ba\/proizvod\/stelujuce-nozice-kv\/\" \/>\n<meta property=\"og:site_name\" content=\"Ekom d.o.o.\" \/>\n<meta property=\"article:modified_time\" content=\"2020-09-21T19:35:20+00:00\" \/>\n<meta property=\"og:image\" content=\"https:\/\/ekom.ba\/wp-content\/uploads\/2020\/08\/22.jpg\" \/>\n\t<meta property=\"og:image:width\" content=\"1600\" \/>\n\t<meta property=\"og:image:height\" content=\"1600\" \/>\n\t<meta property=\"og:image:type\" content=\"image\/jpeg\" \/>\n<meta name=\"twitter:card\" content=\"summary_large_image\" \/>\n<script type=\"application\/ld+json\" class=\"yoast-schema-graph\">{\"@context\":\"https:\/\/schema.org\",\"@graph\":[{\"@type\":\"WebPage\",\"@id\":\"https:\/\/ekom.ba\/proizvod\/stelujuce-nozice-kv\/\",\"url\":\"https:\/\/ekom.ba\/proizvod\/stelujuce-nozice-kv\/\",\"name\":\"[:ba]\u0160teluju\u0107e no\u017eice KV[:en]Adjustable leg KV[:] - Ekom d.o.o.\",\"isPartOf\":{\"@id\":\"http:\/\/ekom.ba\/#website\"},\"datePublished\":\"2020-08-06T16:02:23+00:00\",\"dateModified\":\"2020-09-21T19:35:20+00:00\",\"breadcrumb\":{\"@id\":\"https:\/\/ekom.ba\/proizvod\/stelujuce-nozice-kv\/#breadcrumb\"},\"inLanguage\":\"en-US\",\"potentialAction\":[{\"@type\":\"ReadAction\",\"target\":[\"https:\/\/ekom.ba\/proizvod\/stelujuce-nozice-kv\/\"]}]},{\"@type\":\"BreadcrumbList\",\"@id\":\"https:\/\/ekom.ba\/proizvod\/stelujuce-nozice-kv\/#breadcrumb\",\"itemListElement\":[{\"@type\":\"ListItem\",\"position\":1,\"name\":\"Home\",\"item\":\"http:\/\/ekom.ba\/\"},{\"@type\":\"ListItem\",\"position\":2,\"name\":\"Proizvodi\",\"item\":\"http:\/\/ekom.ba\/shop\/\"},{\"@type\":\"ListItem\",\"position\":3,\"name\":\"\u0160teluju\u0107e no\u017eice KV\"}]},{\"@type\":\"WebSite\",\"@id\":\"http:\/\/ekom.ba\/#website\",\"url\":\"http:\/\/ekom.ba\/\",\"name\":\"Ekom d.o.o.\",\"description\":\"Efikasno, kvalitetno, odgovorno i moderno\",\"potentialAction\":[{\"@type\":\"SearchAction\",\"target\":{\"@type\":\"EntryPoint\",\"urlTemplate\":\"http:\/\/ekom.ba\/?s={search_term_string}\"},\"query-input\":\"required name=search_term_string\"}],\"inLanguage\":\"en-US\"}]}<\/script>\n<!-- \/ Yoast SEO plugin. -->","yoast_head_json":{"title":"[:ba]\u0160teluju\u0107e no\u017eice KV[:en]Adjustable leg KV[:] - Ekom d.o.o.","robots":{"index":"index","follow":"follow","max-snippet":"max-snippet:-1","max-image-preview":"max-image-preview:large","max-video-preview":"max-video-preview:-1"},"canonical":"https:\/\/ekom.ba\/proizvod\/stelujuce-nozice-kv\/","og_locale":"en_US","og_type":"article","og_title":"[:ba]\u0160teluju\u0107e no\u017eice KV[:en]Adjustable leg KV[:] - Ekom d.o.o.","og_description":"[:ba]\u0160teluju\u0107a no\u017eica KV40\/h50, \u0160teluju\u0107a no\u017eica KV40\/h100, \u0160teluju\u0107a no\u017eica KV40\/h150, \u0160teluju\u0107a no\u017eica KV40\/h200\u00a0  Materijal:\u00a0Plastika-ABS  Materijal: Plastika-ABS Pakovanje: 50\/1; 100\/1  Dostupne boje:  - Krom metalik-KM, - Krom metalik361-KM361, - Krom pli\u0161-KP, - Bijela, - Crna, - Bukva381, - Tre\u0161nja383, - Hrast145, - Wenge, - po izboru kupca[:en]Adjustable leg KV40 \/ h50, Adjustable leg KV40 \/ h100, Adjustable leg KV40 \/ h150, Adjustable leg KV40 \/ h200  Material: Plastic-ABS Packing: 50\/1; 100\/1  Available colors:  - Chrome metallic-KM, - Chrome metallic361-KM361, - Chrome plush-KP, - White, - Black, - Beech381, - Cherry383, - Oak145, - Wenge, - at the customer's choice[:]","og_url":"https:\/\/ekom.ba\/proizvod\/stelujuce-nozice-kv\/","og_site_name":"Ekom d.o.o.","article_modified_time":"2020-09-21T19:35:20+00:00","og_image":[{"width":1600,"height":1600,"url":"https:\/\/ekom.ba\/wp-content\/uploads\/2020\/08\/22.jpg","type":"image\/jpeg"}],"twitter_card":"summary_large_image","schema":{"@context":"https:\/\/schema.org","@graph":[{"@type":"WebPage","@id":"https:\/\/ekom.ba\/proizvod\/stelujuce-nozice-kv\/","url":"https:\/\/ekom.ba\/proizvod\/stelujuce-nozice-kv\/","name":"[:ba]\u0160teluju\u0107e no\u017eice KV[:en]Adjustable leg KV[:] - Ekom d.o.o.","isPartOf":{"@id":"http:\/\/ekom.ba\/#website"},"datePublished":"2020-08-06T16:02:23+00:00","dateModified":"2020-09-21T19:35:20+00:00","breadcrumb":{"@id":"https:\/\/ekom.ba\/proizvod\/stelujuce-nozice-kv\/#breadcrumb"},"inLanguage":"en-US","potentialAction":[{"@type":"ReadAction","target":["https:\/\/ekom.ba\/proizvod\/stelujuce-nozice-kv\/"]}]},{"@type":"BreadcrumbList","@id":"https:\/\/ekom.ba\/proizvod\/stelujuce-nozice-kv\/#breadcrumb","itemListElement":[{"@type":"ListItem","position":1,"name":"Home","item":"http:\/\/ekom.ba\/"},{"@type":"ListItem","position":2,"name":"Proizvodi","item":"http:\/\/ekom.ba\/shop\/"},{"@type":"ListItem","position":3,"name":"\u0160teluju\u0107e no\u017eice KV"}]},{"@type":"WebSite","@id":"http:\/\/ekom.ba\/#website","url":"http:\/\/ekom.ba\/","name":"Ekom d.o.o.","description":"Efikasno, kvalitetno, odgovorno i moderno","potentialAction":[{"@type":"SearchAction","target":{"@type":"EntryPoint","urlTemplate":"http:\/\/ekom.ba\/?s={search_term_string}"},"query-input":"required name=search_term_string"}],"inLanguage":"en-US"}]}},"_links":{"self":[{"href":"http:\/\/ekom.ba\/en\/wp-json\/wp\/v2\/product\/6699"}],"collection":[{"href":"http:\/\/ekom.ba\/en\/wp-json\/wp\/v2\/product"}],"about":[{"href":"http:\/\/ekom.ba\/en\/wp-json\/wp\/v2\/types\/product"}],"wp:featuredmedia":[{"embeddable":true,"href":"http:\/\/ekom.ba\/en\/wp-json\/wp\/v2\/media\/6700"}],"wp:attachment":[{"href":"http:\/\/ekom.ba\/en\/wp-json\/wp\/v2\/media?parent=6699"}],"wp:term":[{"taxonomy":"product_cat","embeddable":true,"href":"http:\/\/ekom.ba\/en\/wp-json\/wp\/v2\/product_cat?post=6699"},{"taxonomy":"product_tag","embeddable":true,"href":"http:\/\/ekom.ba\/en\/wp-json\/wp\/v2\/product_tag?post=6699"}],"curies":[{"name":"wp","href":"https:\/\/api.w.org\/{rel}","templated":true}]}}