{"id":6673,"date":"2020-08-06T17:33:46","date_gmt":"2020-08-06T15:33:46","guid":{"rendered":"http:\/\/ekom.ba\/new\/?post_type=product&#038;p=6673"},"modified":"2020-09-21T21:41:06","modified_gmt":"2020-09-21T19:41:06","slug":"kuhinjska-stelujuca-nozica","status":"publish","type":"product","link":"http:\/\/ekom.ba\/en\/proizvod\/kuhinjska-stelujuca-nozica\/","title":{"rendered":"Kitchen adjustable leg"},"content":{"rendered":"","protected":false},"excerpt":{"rendered":"<p>H100, H150, H200<\/p>\n<p><strong>Material<\/strong>: ABS, PP<br \/>\n<strong>Packing<\/strong>: 100\/1<\/p>\n<p><strong>Available colors:<\/strong><\/p>\n<p>&#8211; Black<br \/>\n&#8211; White<\/p>\n","protected":false},"featured_media":6676,"template":"","meta":[],"product_cat":[163,161],"product_tag":[],"yoast_head":"<!-- This site is optimized with the Yoast SEO plugin v21.3 - https:\/\/yoast.com\/wordpress\/plugins\/seo\/ -->\n<title>Kitchen adjustable leg - Ekom d.o.o.<\/title>\n<meta name=\"robots\" content=\"index, follow, max-snippet:-1, max-image-preview:large, max-video-preview:-1\" \/>\n<link rel=\"canonical\" href=\"https:\/\/ekom.ba\/proizvod\/kuhinjska-stelujuca-nozica\/\" \/>\n<meta property=\"og:locale\" content=\"en_US\" \/>\n<meta property=\"og:type\" content=\"article\" \/>\n<meta property=\"og:title\" content=\"[:ba]Kuhinjska \u0161teluju\u0107a no\u017eica[:en]Kitchen adjustable leg[:] - Ekom d.o.o.\" \/>\n<meta property=\"og:description\" content=\"[:ba]H100, H150, H200  Materijal: ABS, PP Pakovanje: 100\/1  Dostupne boje:  - Crna - Bijela[:en]H100, H150, H200  Material: ABS, PP Packing: 100\/1  Available colors:  - Black - White [:]\" \/>\n<meta property=\"og:url\" content=\"https:\/\/ekom.ba\/proizvod\/kuhinjska-stelujuca-nozica\/\" \/>\n<meta property=\"og:site_name\" content=\"Ekom d.o.o.\" \/>\n<meta property=\"article:modified_time\" content=\"2020-09-21T19:41:06+00:00\" \/>\n<meta property=\"og:image\" content=\"https:\/\/ekom.ba\/wp-content\/uploads\/2020\/08\/2.jpg\" \/>\n\t<meta property=\"og:image:width\" content=\"1600\" \/>\n\t<meta property=\"og:image:height\" content=\"1600\" \/>\n\t<meta property=\"og:image:type\" content=\"image\/jpeg\" \/>\n<meta name=\"twitter:card\" content=\"summary_large_image\" \/>\n<script type=\"application\/ld+json\" class=\"yoast-schema-graph\">{\"@context\":\"https:\/\/schema.org\",\"@graph\":[{\"@type\":\"WebPage\",\"@id\":\"https:\/\/ekom.ba\/proizvod\/kuhinjska-stelujuca-nozica\/\",\"url\":\"https:\/\/ekom.ba\/proizvod\/kuhinjska-stelujuca-nozica\/\",\"name\":\"[:ba]Kuhinjska \u0161teluju\u0107a no\u017eica[:en]Kitchen adjustable leg[:] - Ekom d.o.o.\",\"isPartOf\":{\"@id\":\"http:\/\/ekom.ba\/#website\"},\"datePublished\":\"2020-08-06T15:33:46+00:00\",\"dateModified\":\"2020-09-21T19:41:06+00:00\",\"breadcrumb\":{\"@id\":\"https:\/\/ekom.ba\/proizvod\/kuhinjska-stelujuca-nozica\/#breadcrumb\"},\"inLanguage\":\"en-US\",\"potentialAction\":[{\"@type\":\"ReadAction\",\"target\":[\"https:\/\/ekom.ba\/proizvod\/kuhinjska-stelujuca-nozica\/\"]}]},{\"@type\":\"BreadcrumbList\",\"@id\":\"https:\/\/ekom.ba\/proizvod\/kuhinjska-stelujuca-nozica\/#breadcrumb\",\"itemListElement\":[{\"@type\":\"ListItem\",\"position\":1,\"name\":\"Home\",\"item\":\"http:\/\/ekom.ba\/\"},{\"@type\":\"ListItem\",\"position\":2,\"name\":\"Proizvodi\",\"item\":\"https:\/\/ekom.ba\/shop\/\"},{\"@type\":\"ListItem\",\"position\":3,\"name\":\"Kuhinjska \u0161teluju\u0107a no\u017eica\"}]},{\"@type\":\"WebSite\",\"@id\":\"http:\/\/ekom.ba\/#website\",\"url\":\"http:\/\/ekom.ba\/\",\"name\":\"Ekom d.o.o.\",\"description\":\"Efikasno, kvalitetno, odgovorno i moderno\",\"potentialAction\":[{\"@type\":\"SearchAction\",\"target\":{\"@type\":\"EntryPoint\",\"urlTemplate\":\"http:\/\/ekom.ba\/?s={search_term_string}\"},\"query-input\":\"required name=search_term_string\"}],\"inLanguage\":\"en-US\"}]}<\/script>\n<!-- \/ Yoast SEO plugin. -->","yoast_head_json":{"title":"[:ba]Kuhinjska \u0161teluju\u0107a no\u017eica[:en]Kitchen adjustable leg[:] - Ekom d.o.o.","robots":{"index":"index","follow":"follow","max-snippet":"max-snippet:-1","max-image-preview":"max-image-preview:large","max-video-preview":"max-video-preview:-1"},"canonical":"https:\/\/ekom.ba\/proizvod\/kuhinjska-stelujuca-nozica\/","og_locale":"en_US","og_type":"article","og_title":"[:ba]Kuhinjska \u0161teluju\u0107a no\u017eica[:en]Kitchen adjustable leg[:] - Ekom d.o.o.","og_description":"[:ba]H100, H150, H200  Materijal: ABS, PP Pakovanje: 100\/1  Dostupne boje:  - Crna - Bijela[:en]H100, H150, H200  Material: ABS, PP Packing: 100\/1  Available colors:  - Black - White [:]","og_url":"https:\/\/ekom.ba\/proizvod\/kuhinjska-stelujuca-nozica\/","og_site_name":"Ekom d.o.o.","article_modified_time":"2020-09-21T19:41:06+00:00","og_image":[{"width":1600,"height":1600,"url":"https:\/\/ekom.ba\/wp-content\/uploads\/2020\/08\/2.jpg","type":"image\/jpeg"}],"twitter_card":"summary_large_image","schema":{"@context":"https:\/\/schema.org","@graph":[{"@type":"WebPage","@id":"https:\/\/ekom.ba\/proizvod\/kuhinjska-stelujuca-nozica\/","url":"https:\/\/ekom.ba\/proizvod\/kuhinjska-stelujuca-nozica\/","name":"[:ba]Kuhinjska \u0161teluju\u0107a no\u017eica[:en]Kitchen adjustable leg[:] - Ekom d.o.o.","isPartOf":{"@id":"http:\/\/ekom.ba\/#website"},"datePublished":"2020-08-06T15:33:46+00:00","dateModified":"2020-09-21T19:41:06+00:00","breadcrumb":{"@id":"https:\/\/ekom.ba\/proizvod\/kuhinjska-stelujuca-nozica\/#breadcrumb"},"inLanguage":"en-US","potentialAction":[{"@type":"ReadAction","target":["https:\/\/ekom.ba\/proizvod\/kuhinjska-stelujuca-nozica\/"]}]},{"@type":"BreadcrumbList","@id":"https:\/\/ekom.ba\/proizvod\/kuhinjska-stelujuca-nozica\/#breadcrumb","itemListElement":[{"@type":"ListItem","position":1,"name":"Home","item":"http:\/\/ekom.ba\/"},{"@type":"ListItem","position":2,"name":"Proizvodi","item":"https:\/\/ekom.ba\/shop\/"},{"@type":"ListItem","position":3,"name":"Kuhinjska \u0161teluju\u0107a no\u017eica"}]},{"@type":"WebSite","@id":"http:\/\/ekom.ba\/#website","url":"http:\/\/ekom.ba\/","name":"Ekom d.o.o.","description":"Efikasno, kvalitetno, odgovorno i moderno","potentialAction":[{"@type":"SearchAction","target":{"@type":"EntryPoint","urlTemplate":"http:\/\/ekom.ba\/?s={search_term_string}"},"query-input":"required name=search_term_string"}],"inLanguage":"en-US"}]}},"_links":{"self":[{"href":"http:\/\/ekom.ba\/en\/wp-json\/wp\/v2\/product\/6673"}],"collection":[{"href":"http:\/\/ekom.ba\/en\/wp-json\/wp\/v2\/product"}],"about":[{"href":"http:\/\/ekom.ba\/en\/wp-json\/wp\/v2\/types\/product"}],"wp:featuredmedia":[{"embeddable":true,"href":"http:\/\/ekom.ba\/en\/wp-json\/wp\/v2\/media\/6676"}],"wp:attachment":[{"href":"http:\/\/ekom.ba\/en\/wp-json\/wp\/v2\/media?parent=6673"}],"wp:term":[{"taxonomy":"product_cat","embeddable":true,"href":"http:\/\/ekom.ba\/en\/wp-json\/wp\/v2\/product_cat?post=6673"},{"taxonomy":"product_tag","embeddable":true,"href":"http:\/\/ekom.ba\/en\/wp-json\/wp\/v2\/product_tag?post=6673"}],"curies":[{"name":"wp","href":"https:\/\/api.w.org\/{rel}","templated":true}]}}