{"id":6615,"date":"2020-08-05T08:57:25","date_gmt":"2020-08-05T08:57:25","guid":{"rendered":"http:\/\/ekom.ba\/new\/?page_id=6615"},"modified":"2023-02-24T18:53:50","modified_gmt":"2023-02-24T16:53:50","slug":"6615-2","status":"publish","type":"page","link":"http:\/\/ekom.ba\/en\/6615-2\/","title":{"rendered":"Footer"},"content":{"rendered":"<p><div data-vc-full-width=\"true\" data-vc-full-width-init=\"false\" data-vc-stretch-content=\"true\" class=\"vc_row wpb_row vc_row-fluid vc_row-no-padding responsive_js_composer_custom_css_1339288277\"><div class=\"wpb_column vc_column_container vc_col-sm-12 vc_hidden-sm vc_hidden-xs responsive_js_composer_custom_css_897307541\"><div class=\"vc_column-inner\"><div class=\"wpb_wrapper\"><div class=\"vc_separator wpb_content_element vc_separator_align_center vc_sep_width_100 vc_sep_pos_align_center vc_separator_no_text  responsive_js_composer_custom_css_1796459239 responsive_js_composer_custom_css_1796459239\" ><span class=\"vc_sep_holder vc_sep_holder_l\"><span  style=\"border-color:#e4e4e4;\" class=\"vc_sep_line\"><\/span><\/span><span class=\"vc_sep_holder vc_sep_holder_r\"><span  style=\"border-color:#e4e4e4;\" class=\"vc_sep_line\"><\/span><\/span>\r\n<\/div><\/div><\/div><\/div><\/div><div class=\"vc_row-full-width vc_clearfix\"><\/div><div class=\"vc_row wpb_row vc_row-fluid vc_custom_1562053356635 responsive_js_composer_custom_css_1616511984\"><div class=\"wpb_column vc_column_container vc_col-sm-3\"><div class=\"vc_column-inner\"><div class=\"wpb_wrapper\">\r\r\n\t<div class=\"wpb_single_image wpb_content_element vc_align_left   center767 responsive_js_composer_custom_css_2116098591\">\r\r\n\t\t\r\r\n\t\t<figure class=\"wpb_wrapper vc_figure\">\r\r\n\t\t\t<a href=\"#\" target=\"_self\" class=\"vc_single_image-wrapper   vc_box_border_grey\"><img width=\"207\" height=\"56\" src=\"http:\/\/ekom.ba\/wp-content\/uploads\/2020\/08\/LOGO-NA-SLIDERU.png\" class=\"vc_single_image-img attachment-full\" alt=\"\" decoding=\"async\" loading=\"lazy\" \/><\/a>\r\r\n\t\t<\/figure>\r\r\n\t<\/div>\r\r\n\r\n\t<div class=\"wpb_text_column wpb_content_element  vc_custom_1596617959530 center767 responsive_js_composer_custom_css_1405630298\" >\r\n\t\t<div class=\"wpb_wrapper\">\r\n\t\t\t<p>Stalnim usavr\u0161avnjem vlastitih znanja, kao i tehnologija u preradi plasti\u010dnih masa, danas smo pouzdan i va\u017ean partner na\u0161im kupcima.<\/p>\n\r\n\t\t<\/div>\r\n\t<\/div>\r\n\r\n            <div class=\"cislen-socials   center767 cislen_custom_css_1629688700  style-01  responsive_js_composer_custom_css_1590274019\">\r\r\n                <div class=\"socials-inner\">\r\r\n\t                \r\n\t\t                \r\n\t\t                \r\n                            <h4 class=\"title\">PRATITE NAS<\/h4>\r\r\n\t\t                \r\n                        <div class=\"socials\">\r\r\n\t\t\t                \r\n\t\t\t\t                \r\n                                <a class=\"social-item\" href=\"https:\/\/www.facebook.com\/Ekomdoo\"\r\r\n                                   target=\"_blank\">\r\r\n                                    <i class=\"fa fa-facebook\"><\/i>\r\r\n                                <\/a>\r\r\n\t\t\t                \r\n\t\t\t\t                \r\n                                <a class=\"social-item\" href=\"https:\/\/www.instagram.com\/ekomdoo\/\"\r\r\n                                   target=\"_blank\">\r\r\n                                    <i class=\"fa fa-instagram\"><\/i>\r\r\n                                <\/a>\r\r\n\t\t\t                \r\n                        <\/div>\r\r\n\t                \r\n                <\/div>\r\r\n            <\/div>\r\r\n\t\t\t<\/div><\/div><\/div><div class=\"wpb_column vc_column_container vc_col-sm-3\"><div class=\"vc_column-inner\"><div class=\"wpb_wrapper\">\r\n            <div class=\"cislen-custommenu style-01   center767 cislen_custom_css_1253120165   vc_custom_1676488092825 responsive_js_composer_custom_css_1535660920\">\r\r\n\t\t\t\t\r\n\t\t\t\t\t\r\n                        <h2 class=\"widgettitle\">O nama<\/h2>\r\r\n\t\t\t\t\t\r\n\t\t\t\t\t<ul id=\"menu-about-us-1\" class=\"menu\"><li class=\"menu-item menu-item-type-custom menu-item-object-custom menu-item-5378\"><a title=\"Our story\" href=\"http:\/\/ekom.ba\/en\/o-nama\">Our story<\/a><\/li>\n<li class=\"menu-item menu-item-type-custom menu-item-object-custom menu-item-5379\"><a title=\"Mision &amp; vision\" href=\"#\">Mision &#038; vision<\/a><\/li>\n<\/ul>\r\n\t\t\t\t\r\n            <\/div>\r\r\n\t\t\t<\/div><\/div><\/div><div class=\"wpb_column vc_column_container vc_col-sm-3 responsive_js_composer_custom_css_34976947\"><div class=\"vc_column-inner\"><div class=\"wpb_wrapper\">\r\n            <div class=\"cislen-custommenu style-01   center767 cislen_custom_css_1351467838   vc_custom_1676488025773 responsive_js_composer_custom_css_801733800\">\r\r\n\t\t\t\t\r\n\t\t\t\t\t\r\n                        <h2 class=\"widgettitle\">Usluge<\/h2>\r\r\n\t\t\t\t\t\r\n\t\t\t\t\t<ul id=\"menu-help-1\" class=\"menu\"><li class=\"menu-item menu-item-type-post_type menu-item-object-page menu-item-6824\"><a title=\"Injection molding\" href=\"http:\/\/ekom.ba\/en\/brizganje\/\">Injection molding<\/a><\/li>\n<li class=\"menu-item menu-item-type-post_type menu-item-object-page menu-item-7030\"><a title=\"Metal workshop\" href=\"http:\/\/ekom.ba\/en\/alatnica\/\">Metal workshop<\/a><\/li>\n<\/ul>\r\n\t\t\t\t\r\n            <\/div>\r\r\n\t\t\t<\/div><\/div><\/div><div class=\"wpb_column vc_column_container vc_col-sm-3 responsive_js_composer_custom_css_291839498\"><div class=\"vc_column-inner\"><div class=\"wpb_wrapper\">\r\n\t<div class=\"wpb_text_column wpb_content_element  responsive_js_composer_custom_css_61258536\" >\r\n\t\t<div class=\"wpb_wrapper\">\r\n\t\t\t<p>Adresa:<br \/>\nStankove bare bb, Gra\u010danica 75320<\/p>\n<p>E-mail: info@ekom.ba<br \/>\nKomercijala: +387 61 493 040<\/p>\n\r\n\t\t<\/div>\r\n\t<\/div>\r\n<\/div><\/div><\/div><\/div><div data-vc-full-width=\"true\" data-vc-full-width-init=\"false\" class=\"vc_row wpb_row vc_row-fluid vc_custom_1562124791731 vc_row-has-fill responsive_js_composer_custom_css_648684991\"><div class=\"wpb_column vc_column_container vc_col-sm-6\"><div class=\"vc_column-inner\"><div class=\"wpb_wrapper\"><h2 style=\"font-size: 14px;color: #868686;line-height: 24px;text-align: left\" class=\"vc_custom_heading center767 vc_custom_1677257611042 responsive_js_composer_custom_css_1564293479\" >\u00a9 2020 BI Solutions<\/h2><\/div><\/div><\/div><div class=\"wpb_column vc_column_container vc_col-sm-6\"><div class=\"vc_column-inner\"><div class=\"wpb_wrapper\"><\/div><\/div><\/div><\/div><div class=\"vc_row-full-width vc_clearfix\"><\/div><\/p>","protected":false},"excerpt":{"rendered":"Stalnim usavr\u0161avnjem vlastitih znanja, kao i tehnologija u preradi plasti\u010dnih masa, danas smo pouzdan i va\u017ean partner na\u0161im kupcima. PRATITE NAS O nama Our story Mision &#038; vision Usluge Injection molding Metal workshop Adresa: Stankove bare bb, Gra\u010danica 75320 E-mail: info@ekom.ba Komercijala: +387 61 493 040 \u00a9 2020 BI Solutions","protected":false},"author":1,"featured_media":0,"parent":0,"menu_order":0,"comment_status":"open","ping_status":"open","template":"","meta":{"footnotes":""},"yoast_head":"<!-- This site is optimized with the Yoast SEO plugin v21.3 - https:\/\/yoast.com\/wordpress\/plugins\/seo\/ -->\n<title>Footer - Ekom d.o.o.<\/title>\n<meta name=\"robots\" content=\"index, follow, max-snippet:-1, max-image-preview:large, max-video-preview:-1\" \/>\n<link rel=\"canonical\" href=\"http:\/\/ekom.ba\/6615-2\/\" \/>\n<meta property=\"og:locale\" content=\"en_US\" \/>\n<meta property=\"og:type\" content=\"article\" \/>\n<meta property=\"og:title\" content=\"Footer - Ekom d.o.o.\" \/>\n<meta property=\"og:url\" content=\"http:\/\/ekom.ba\/6615-2\/\" \/>\n<meta property=\"og:site_name\" content=\"Ekom d.o.o.\" \/>\n<meta property=\"article:modified_time\" content=\"2023-02-24T16:53:50+00:00\" \/>\n<meta name=\"twitter:card\" content=\"summary_large_image\" \/>\n<meta name=\"twitter:label1\" content=\"Est. reading time\" \/>\n\t<meta name=\"twitter:data1\" content=\"1 minute\" \/>\n<script type=\"application\/ld+json\" class=\"yoast-schema-graph\">{\"@context\":\"https:\/\/schema.org\",\"@graph\":[{\"@type\":\"WebPage\",\"@id\":\"http:\/\/ekom.ba\/6615-2\/\",\"url\":\"http:\/\/ekom.ba\/6615-2\/\",\"name\":\"Footer - Ekom d.o.o.\",\"isPartOf\":{\"@id\":\"http:\/\/ekom.ba\/#website\"},\"datePublished\":\"2020-08-05T08:57:25+00:00\",\"dateModified\":\"2023-02-24T16:53:50+00:00\",\"breadcrumb\":{\"@id\":\"http:\/\/ekom.ba\/6615-2\/#breadcrumb\"},\"inLanguage\":\"en-US\",\"potentialAction\":[{\"@type\":\"ReadAction\",\"target\":[\"http:\/\/ekom.ba\/6615-2\/\"]}]},{\"@type\":\"BreadcrumbList\",\"@id\":\"http:\/\/ekom.ba\/6615-2\/#breadcrumb\",\"itemListElement\":[{\"@type\":\"ListItem\",\"position\":1,\"name\":\"Home\",\"item\":\"http:\/\/ekom.ba\/\"},{\"@type\":\"ListItem\",\"position\":2,\"name\":\"Footer\"}]},{\"@type\":\"WebSite\",\"@id\":\"http:\/\/ekom.ba\/#website\",\"url\":\"http:\/\/ekom.ba\/\",\"name\":\"Ekom d.o.o.\",\"description\":\"Efikasno, kvalitetno, odgovorno i moderno\",\"potentialAction\":[{\"@type\":\"SearchAction\",\"target\":{\"@type\":\"EntryPoint\",\"urlTemplate\":\"http:\/\/ekom.ba\/?s={search_term_string}\"},\"query-input\":\"required name=search_term_string\"}],\"inLanguage\":\"en-US\"}]}<\/script>\n<!-- \/ Yoast SEO plugin. -->","yoast_head_json":{"title":"Footer - Ekom d.o.o.","robots":{"index":"index","follow":"follow","max-snippet":"max-snippet:-1","max-image-preview":"max-image-preview:large","max-video-preview":"max-video-preview:-1"},"canonical":"http:\/\/ekom.ba\/6615-2\/","og_locale":"en_US","og_type":"article","og_title":"Footer - Ekom d.o.o.","og_url":"http:\/\/ekom.ba\/6615-2\/","og_site_name":"Ekom d.o.o.","article_modified_time":"2023-02-24T16:53:50+00:00","twitter_card":"summary_large_image","twitter_misc":{"Est. reading time":"1 minute"},"schema":{"@context":"https:\/\/schema.org","@graph":[{"@type":"WebPage","@id":"http:\/\/ekom.ba\/6615-2\/","url":"http:\/\/ekom.ba\/6615-2\/","name":"Footer - Ekom d.o.o.","isPartOf":{"@id":"http:\/\/ekom.ba\/#website"},"datePublished":"2020-08-05T08:57:25+00:00","dateModified":"2023-02-24T16:53:50+00:00","breadcrumb":{"@id":"http:\/\/ekom.ba\/6615-2\/#breadcrumb"},"inLanguage":"en-US","potentialAction":[{"@type":"ReadAction","target":["http:\/\/ekom.ba\/6615-2\/"]}]},{"@type":"BreadcrumbList","@id":"http:\/\/ekom.ba\/6615-2\/#breadcrumb","itemListElement":[{"@type":"ListItem","position":1,"name":"Home","item":"http:\/\/ekom.ba\/"},{"@type":"ListItem","position":2,"name":"Footer"}]},{"@type":"WebSite","@id":"http:\/\/ekom.ba\/#website","url":"http:\/\/ekom.ba\/","name":"Ekom d.o.o.","description":"Efikasno, kvalitetno, odgovorno i moderno","potentialAction":[{"@type":"SearchAction","target":{"@type":"EntryPoint","urlTemplate":"http:\/\/ekom.ba\/?s={search_term_string}"},"query-input":"required name=search_term_string"}],"inLanguage":"en-US"}]}},"_links":{"self":[{"href":"http:\/\/ekom.ba\/en\/wp-json\/wp\/v2\/pages\/6615"}],"collection":[{"href":"http:\/\/ekom.ba\/en\/wp-json\/wp\/v2\/pages"}],"about":[{"href":"http:\/\/ekom.ba\/en\/wp-json\/wp\/v2\/types\/page"}],"author":[{"embeddable":true,"href":"http:\/\/ekom.ba\/en\/wp-json\/wp\/v2\/users\/1"}],"replies":[{"embeddable":true,"href":"http:\/\/ekom.ba\/en\/wp-json\/wp\/v2\/comments?post=6615"}],"version-history":[{"count":13,"href":"http:\/\/ekom.ba\/en\/wp-json\/wp\/v2\/pages\/6615\/revisions"}],"predecessor-version":[{"id":7038,"href":"http:\/\/ekom.ba\/en\/wp-json\/wp\/v2\/pages\/6615\/revisions\/7038"}],"wp:attachment":[{"href":"http:\/\/ekom.ba\/en\/wp-json\/wp\/v2\/media?parent=6615"}],"curies":[{"name":"wp","href":"https:\/\/api.w.org\/{rel}","templated":true}]}}